{"id":4794,"date":"2023-03-13T11:10:33","date_gmt":"2023-03-13T16:10:33","guid":{"rendered":"https:\/\/www.plansa.pe\/galonera-plastica-colores-multiples-boca-36-5l-tapa-tapon"},"modified":"2023-03-13T11:12:37","modified_gmt":"2023-03-13T16:12:37","slug":"galonera-plastica-colores-multiples-boca-36-5l-tapa-tapon","status":"publish","type":"product","link":"https:\/\/www.plansa.pe\/en\/producto\/galonera-plastica-colores-multiples-boca-36-5l-tapa-tapon\/","title":{"rendered":"Galonera Pl\u00e1stica Colores M\u00faltiples Boca 36 5L + Tapa Tap\u00f3n"},"content":{"rendered":"","protected":false},"excerpt":{"rendered":"","protected":false},"featured_media":4808,"template":"","meta":{"_acf_changed":false,"content-type":""},"product_brand":[],"product_cat":[628,678,669],"product_tag":[],"class_list":{"0":"post-4794","1":"product","2":"type-product","3":"status-publish","4":"has-post-thumbnail","6":"product_cat-alimentos-y-bebidas","7":"product_cat-galoneras-plasticas","8":"product_cat-tipo","10":"first","11":"instock","12":"shipping-taxable","13":"purchasable","14":"product-type-simple"},"acf":{"data_sheet":"","capacidad_ml":"5000","boca_mm":"36","product_x":"","product_y":"","product_z":"","price_usd":"","price_usd_pen":"","_familia-alimentos-y-bebidas":"M10","_familia-agroquimicos":"","_familia-cosmeticos":"","_familia-farmaceuticos":"","_familia-limpieza":"","_familia-lubricantes":"","_familia-pinturas-y-pegamentos":"","_familia-veterinaria":""},"_links":{"self":[{"href":"https:\/\/www.plansa.pe\/en\/wp-json\/wp\/v2\/product\/4794","targetHints":{"allow":["GET"]}}],"collection":[{"href":"https:\/\/www.plansa.pe\/en\/wp-json\/wp\/v2\/product"}],"about":[{"href":"https:\/\/www.plansa.pe\/en\/wp-json\/wp\/v2\/types\/product"}],"wp:featuredmedia":[{"embeddable":true,"href":"https:\/\/www.plansa.pe\/en\/wp-json\/wp\/v2\/media\/4808"}],"wp:attachment":[{"href":"https:\/\/www.plansa.pe\/en\/wp-json\/wp\/v2\/media?parent=4794"}],"wp:term":[{"taxonomy":"product_brand","embeddable":true,"href":"https:\/\/www.plansa.pe\/en\/wp-json\/wp\/v2\/product_brand?post=4794"},{"taxonomy":"product_cat","embeddable":true,"href":"https:\/\/www.plansa.pe\/en\/wp-json\/wp\/v2\/product_cat?post=4794"},{"taxonomy":"product_tag","embeddable":true,"href":"https:\/\/www.plansa.pe\/en\/wp-json\/wp\/v2\/product_tag?post=4794"}],"curies":[{"name":"wp","href":"https:\/\/api.w.org\/{rel}","templated":true}]}}