{"id":4552,"date":"2020-11-05T15:07:03","date_gmt":"2020-11-05T20:07:03","guid":{"rendered":"https:\/\/www.plansa.pe\/plastic-cosmetic-bottle-30ml-b20-with-screw-cap"},"modified":"2022-05-12T17:40:08","modified_gmt":"2022-05-12T22:40:08","slug":"plastic-cosmetic-bottle-30ml-b20-with-screw-cap","status":"publish","type":"product","link":"https:\/\/www.plansa.pe\/en\/product\/plastic-cosmetic-bottle-30ml-b20-with-screw-cap\/","title":{"rendered":"Plastic cosmetic bottle 30ml B20 with screw cap"},"content":{"rendered":"","protected":false},"excerpt":{"rendered":"<p>Frasco de pl\u00e1stico color blanco, boca 20 y capacidad de 15ml, cil\u00edndrico. El envase incluye tapa tap\u00f3n.<\/p>\n","protected":false},"featured_media":2820,"template":"","meta":{"_acf_changed":false,"content-type":""},"product_brand":[],"product_cat":[667,841,842],"product_tag":[],"class_list":{"0":"post-4552","1":"product","2":"type-product","3":"status-publish","4":"has-post-thumbnail","6":"product_cat-cosmeticos-industria-en","7":"product_cat-frascos-en","8":"product_cat-tipo-en","9":"pa_boca-mm-20-en","10":"pa_capacidad-ml-15-en","12":"first","13":"instock","14":"featured","15":"virtual","16":"purchasable","17":"product-type-simple"},"acf":{"data_sheet":null,"capacidad_ml":"","boca_mm":"","product_x":31,"product_y":76,"product_z":"","price_usd":"","price_usd_pen":"","_familia-alimentos-y-bebidas":"","_familia-agroquimicos":"","_familia-cosmeticos":"","_familia-farmaceuticos":"","_familia-limpieza":"","_familia-lubricantes":"","_familia-pinturas-y-pegamentos":"","_familia-veterinaria":""},"_links":{"self":[{"href":"https:\/\/www.plansa.pe\/en\/wp-json\/wp\/v2\/product\/4552","targetHints":{"allow":["GET"]}}],"collection":[{"href":"https:\/\/www.plansa.pe\/en\/wp-json\/wp\/v2\/product"}],"about":[{"href":"https:\/\/www.plansa.pe\/en\/wp-json\/wp\/v2\/types\/product"}],"wp:featuredmedia":[{"embeddable":true,"href":"https:\/\/www.plansa.pe\/en\/wp-json\/wp\/v2\/media\/2820"}],"wp:attachment":[{"href":"https:\/\/www.plansa.pe\/en\/wp-json\/wp\/v2\/media?parent=4552"}],"wp:term":[{"taxonomy":"product_brand","embeddable":true,"href":"https:\/\/www.plansa.pe\/en\/wp-json\/wp\/v2\/product_brand?post=4552"},{"taxonomy":"product_cat","embeddable":true,"href":"https:\/\/www.plansa.pe\/en\/wp-json\/wp\/v2\/product_cat?post=4552"},{"taxonomy":"product_tag","embeddable":true,"href":"https:\/\/www.plansa.pe\/en\/wp-json\/wp\/v2\/product_tag?post=4552"}],"curies":[{"name":"wp","href":"https:\/\/api.w.org\/{rel}","templated":true}]}}