{"id":4531,"date":"2020-11-05T15:08:04","date_gmt":"2020-11-05T20:08:04","guid":{"rendered":"https:\/\/www.plansa.pe\/frasco-plastico-1l-b36-yogurt-con-tapa-tapon"},"modified":"2023-11-08T15:03:53","modified_gmt":"2023-11-08T20:03:53","slug":"frasco-plastico-1l-b36-yogurt-con-tapa-tapon","status":"publish","type":"product","link":"https:\/\/www.plansa.pe\/en\/product\/frasco-plastico-1l-b36-yogurt-con-tapa-tapon\/","title":{"rendered":"Frasco Pl\u00e1stico 1L B36 Yogurt con tapa tap\u00f3n"},"content":{"rendered":"","protected":false},"excerpt":{"rendered":"<p>Frasco de pl\u00e1stico color blanco, boca 36 y capacidad de 1L, yogurt. El envase incluye tapa tap\u00f3n.<\/p>\n","protected":false},"featured_media":4963,"template":"","meta":{"_acf_changed":false,"content-type":""},"product_brand":[],"product_cat":[665,841,842],"product_tag":[],"class_list":{"0":"post-4531","1":"product","2":"type-product","3":"status-publish","4":"has-post-thumbnail","6":"product_cat-alimentos-y-bebidas-industria-en","7":"product_cat-frascos-en","8":"product_cat-tipo-en","9":"pa_boca-mm-36-en","10":"pa_capacidad-ml-1000-en","12":"first","13":"instock","14":"virtual","15":"purchasable","16":"product-type-simple"},"acf":{"data_sheet":null,"capacidad_ml":"","boca_mm":"","product_x":86,"product_y":253,"product_z":"","price_usd":"185","price_usd_pen":"165","_familia-alimentos-y-bebidas":"","_familia-agroquimicos":"","_familia-cosmeticos":"","_familia-farmaceuticos":"","_familia-limpieza":"","_familia-lubricantes":"","_familia-pinturas-y-pegamentos":"","_familia-veterinaria":""},"_links":{"self":[{"href":"https:\/\/www.plansa.pe\/en\/wp-json\/wp\/v2\/product\/4531","targetHints":{"allow":["GET"]}}],"collection":[{"href":"https:\/\/www.plansa.pe\/en\/wp-json\/wp\/v2\/product"}],"about":[{"href":"https:\/\/www.plansa.pe\/en\/wp-json\/wp\/v2\/types\/product"}],"wp:featuredmedia":[{"embeddable":true,"href":"https:\/\/www.plansa.pe\/en\/wp-json\/wp\/v2\/media\/4963"}],"wp:attachment":[{"href":"https:\/\/www.plansa.pe\/en\/wp-json\/wp\/v2\/media?parent=4531"}],"wp:term":[{"taxonomy":"product_brand","embeddable":true,"href":"https:\/\/www.plansa.pe\/en\/wp-json\/wp\/v2\/product_brand?post=4531"},{"taxonomy":"product_cat","embeddable":true,"href":"https:\/\/www.plansa.pe\/en\/wp-json\/wp\/v2\/product_cat?post=4531"},{"taxonomy":"product_tag","embeddable":true,"href":"https:\/\/www.plansa.pe\/en\/wp-json\/wp\/v2\/product_tag?post=4531"}],"curies":[{"name":"wp","href":"https:\/\/api.w.org\/{rel}","templated":true}]}}