{"id":4428,"date":"2020-11-05T15:28:47","date_gmt":"2020-11-05T20:28:47","guid":{"rendered":"https:\/\/www.plansa.pe\/frasco-plastico-200ml-b50-pastillero-con-tapa-y-tapon"},"modified":"2023-02-22T09:00:35","modified_gmt":"2023-02-22T14:00:35","slug":"frasco-plastico-200ml-b50-pastillero-con-tapa-y-tapon","status":"publish","type":"product","link":"https:\/\/www.plansa.pe\/en\/product\/frasco-plastico-200ml-b50-pastillero-con-tapa-y-tapon\/","title":{"rendered":"Frasco Pl\u00e1stico 200ml B50 Pastillero con tapa y tap\u00f3n"},"content":{"rendered":"","protected":false},"excerpt":{"rendered":"<p>Frasco de pl\u00e1stico color blanco y capacidad de 500ml, pastillero. El envase incluye tapa y tap\u00f3n.<\/p>\n","protected":false},"featured_media":3098,"template":"","meta":{"_acf_changed":false,"content-type":""},"product_brand":[],"product_cat":[474,664,841,842],"product_tag":[],"class_list":{"0":"post-4428","1":"product","2":"type-product","3":"status-publish","4":"has-post-thumbnail","6":"product_cat-exclusives","7":"product_cat-veterinaria-industria-en","8":"product_cat-frascos-en","9":"product_cat-tipo-en","10":"pa_boca-mm-50-en","11":"pa_capacidad-ml-200-en","13":"first","14":"instock","15":"virtual","16":"purchasable","17":"product-type-simple"},"acf":{"data_sheet":null,"capacidad_ml":"","boca_mm":"","product_x":65,"product_y":102,"product_z":"","price_usd":"","price_usd_pen":"","_familia-alimentos-y-bebidas":"","_familia-agroquimicos":"","_familia-cosmeticos":"","_familia-farmaceuticos":"","_familia-limpieza":"","_familia-lubricantes":"","_familia-pinturas-y-pegamentos":"","_familia-veterinaria":""},"_links":{"self":[{"href":"https:\/\/www.plansa.pe\/en\/wp-json\/wp\/v2\/product\/4428","targetHints":{"allow":["GET"]}}],"collection":[{"href":"https:\/\/www.plansa.pe\/en\/wp-json\/wp\/v2\/product"}],"about":[{"href":"https:\/\/www.plansa.pe\/en\/wp-json\/wp\/v2\/types\/product"}],"wp:featuredmedia":[{"embeddable":true,"href":"https:\/\/www.plansa.pe\/en\/wp-json\/wp\/v2\/media\/3098"}],"wp:attachment":[{"href":"https:\/\/www.plansa.pe\/en\/wp-json\/wp\/v2\/media?parent=4428"}],"wp:term":[{"taxonomy":"product_brand","embeddable":true,"href":"https:\/\/www.plansa.pe\/en\/wp-json\/wp\/v2\/product_brand?post=4428"},{"taxonomy":"product_cat","embeddable":true,"href":"https:\/\/www.plansa.pe\/en\/wp-json\/wp\/v2\/product_cat?post=4428"},{"taxonomy":"product_tag","embeddable":true,"href":"https:\/\/www.plansa.pe\/en\/wp-json\/wp\/v2\/product_tag?post=4428"}],"curies":[{"name":"wp","href":"https:\/\/api.w.org\/{rel}","templated":true}]}}